{"id":4,"date":"2006-07-27T07:51:16","date_gmt":"2006-07-27T14:51:16","guid":{"rendered":"http:\/\/www.josephpeaquin.com\/docfilm\/?page_id=4"},"modified":"2023-02-25T10:00:26","modified_gmt":"2023-02-25T17:00:26","slug":"joseph-peaquin","status":"publish","type":"page","link":"https:\/\/www.josephpeaquin.com\/?page_id=4","title":{"rendered":"Joseph P\u00e9aquin"},"content":{"rendered":"<p><img id=\"image8\" alt=\"ita_flag.gif\" src=\"http:\/\/www.josephpeaquin.com\/wp-content\/ita_flag.gif\"><br \/>\nJoseph P\u00e9aquin \u00e8 nato nel 1971 ed \u00e8 laureato in Scienze della Comunicazione con indirizzo in regia audiovisiva all\u2019Universit\u00e0 di Grenoble. Dopo alcune esperienze lavorative a Parigi e Torino si stabilisce in Valle d\u2019Aosta e si dedica alla regia di film documentari.<br \/>\nDal 1996 ad oggi, ha realizzato diversi documentari selezionati in vari festival internazionali (Locarno, Tokyo, Milano, Trento, Torino, Parigi, Marsiglia, Namur, Hanoi&#8230;) e trasmessi su televisioni europee (RAI3, RAI2, RAI Valle d&#8217;Aosta, T\u00e9l\u00e9vision Suisse Romande, Televisione della Svizzera Italiana, France 3, TV5 Monde, 3sat, VRT, RAISAT, Plan\u00e8te&#8230;)<br \/>\nNel 2006, il documentario \u201cIl \u00e9tait une fois&#8230;les d\u00e9lices du petit monde\u201d \u00e8 selezionato al 59\u00b0 Festival Internazionale del Film di Locarno e nel 2007 viene premiato al 55\u00b0 Trento Film Festival ed \u00e8 distribuito in DVD home-video in Belgio, Lussemburgo e Olanda dal distributore Lumi\u00e8re. Nel 2009, &#8220;In un altro mondo&#8221; \u00e8 selezionato al 62\u00b0 Festival Internazionale del Film di Locarno, al 22\u00b0 Festival Internazionale del Film di Tokyo e viene premiato con il Primo Premio &#8220;Citt\u00e0 di Sondrio&#8221; al 24\u00b0 Sondrio Festival e con la Menzione Speciale al 12\u00b0 Festival Cinemambiente di Torino. Nel 2011, &#8220;Tra terra e cielo&#8221; \u00e8 selezionato al 51\u00b0 Festival dei Popoli di Firenze e al 24\u00b0 Tokyo International Film Festival. Nel 2012, il documentario &#8220;La Suisse d\u2019Emilio&#8221; per la trasmissione \u201cPasse-moi les jumelles\u201d in onda in prima serata sul primo canale della televisione svizzera francofona (RTS1) e poi sulla Televsione Svizzera Italiana (RSI1) ottiene un ottimo share (26,7). Nel 2014, &#8220;Jelie&#8221; \u00e8 selezionato al 17\u00b0 Festival Cinemambiente di Torino e vince il Premio Speciale della Giuria al 5\u00b0 Festival Corto e Fieno. Sempre nel 2014, &#8220;Sul Filo&#8221; lungo-metraggio documentario sulla vita di un medico e due guide del Soccorso Alpino Valdostano \u00e8 distribuito in alcune sale cinematografiche del Nord Italia. Nel 2016, &#8220;Il Gabbiano&#8221; vince il Premio Sony per la Migliore Fotografia al XIX Cervino Cinemountain Festival. Nel 2019, &#8220;Anima&#8221; vince il premio Italymbas al 6\u00b0 Babel Film Festival di Cagliari. Nel 2022, RAI 3 acquista i diritti di diffusione del documentario &#8220;L&#8217;Amore e la cura&#8221; (presentato in anteprima al Festival Cinemanbiente Torino). Nel 2023, il documentario &#8220;Arte rupestre in Valle d&#8217;Aosta&#8221; \u00e8 selezionato all&#8217;Archeofilm Festival di Firenze.<\/p>\n<p><img id=\"image9\" alt=\"fra_flag.gif\" src=\"http:\/\/www.josephpeaquin.com\/wp-content\/fra_flag.gif\"><br \/>\nJoseph P\u00e9aquin est n\u00e9 en 1971. Apr\u00e8s une Ma\u00eetrise de Sciences et Techniques de Communication Audiovisuelle \u00e0 l&#8217;Universit\u00e9 de Grenoble et quelques exp\u00e9riences professionnelles \u00e0 Paris et \u00e0 Turin, il s&#8217;\u00e9tablit au Val d\u2019Aoste (Italie) o\u00f9 il se consacre \u00e0 la r\u00e9alisation de films documentaires. En 1997, il r\u00e9alise son premier film documentaire \u00abParis, Val d\u2019Aoste\u00bb sur l\u2019\u00e9migration vald\u00f4taine \u00e0 Paris. Le film est achet\u00e9 par la \u00abVid\u00e9oth\u00e8que de Paris \/ Forum des Images\u00bb et diffus\u00e9 sur Plan\u00e8te France et Planete Italia. En 2000, \u00abD\u2019ici et d\u2019ailleurs\u00bb est diffus\u00e9 par la \u00abT\u00e9l\u00e9vision Suisse Romande\u00bb et \u00abRAISAT\u00bb.<br \/>\nDepuis, il a r\u00e9alis\u00e9 plusieurs documentaires s\u00e9lectionn\u00e9s dans diff\u00e9rents festivals internationaux (Locarno, Tokyo, Milan, Trento, Turin, Paris, Marseille, Namur, Hanoi&#8230;) et diffus\u00e9s sur RAI3, RAI 2, T\u00e9l\u00e9vision Suisse Romande, T\u00e9l\u00e9vision Suisse Italienne, France 3, TV5 Monde, Plan\u00e8te France, Planete Italia, Cit\u00e9s T\u00e9l\u00e9vision, 3sat, VRT. Il a \u00e9t\u00e9 conseiller de l\u2019Association des Documentaristes Italiens \u2013 DOC\/IT. En 2003, il fonde sa soci\u00e9t\u00e9 DOCFILM, sp\u00e9cialis\u00e9e dans la r\u00e9alisation et la production de films documentaires. En 2006, il est assistant du r\u00e9alisateur Lech Kowalski \u00e0 Utica (New York) sur le projet www.camerawar.tv. En 2006, le documentaire \u201cIl \u00e9tait une fois&#8230;les d\u00e9lices du petit monde\u201d est s\u00e9lectionn\u00e9 au 59\u00b0 Festival International de Locarno et en 2007 il est prim\u00e9 au 55\u00b0 Festival de Trento en Italie. Toujours en 2007, &#8220;Il \u00e9tait une fois\u2026les d\u00e9lices du petit monde \/ Delicatessen uit een kleine wereld&#8221; est distribu\u00e9 en DVD home-vid\u00e9o en Belgique, Luxembourg et Hollande par le distributeur Lumi\u00e8re. En 2009, &#8220;In un altro mondo \/ In another world&#8221; est s\u00e9lectionn\u00e9 au 62\u00b0 Festival International du Film de Locarno, au 22\u00b0 Festival International du Film de Tokyo, il est prim\u00e9 avec une Mention Sp\u00e9ciale au 12\u00b0 Cinemambiente Festival du Film d&#8217;Environnement de Turin et remporte le Grand Prix du 24\u00b0 Festival de Sondrio. En 2011, &#8220;Tra terra e cielo \/ Between earth and sky&#8221; est s\u00e9lectionn\u00e9 au 51\u00b0 Festival dei Popoli de Florence et au 24\u00b0 Festival International du Film de Tokyo. En 2012, le documentaire \u201cLa Suisse d\u2019Emilio\u201d pour l&#8217;\u00e9mission \u201cPasse-moi les jumelles\u201d est diffus\u00e9 en prime-time sur RTS1 (premi\u00e8re cha\u00eene Suisse). En 2014, \u201cJelie\u201d est s\u00e9lectionn\u00e9 au 17\u00b0 Festival Cinemambiente (Festival du Film d&#8217;Environnement) de Turin et il remporte le Prix Sp\u00e9cial du Jury au 5\u00b0 Festival Corto e Fieno.<br \/>\nEn 2014, \u201cSul Filo\u201d long-m\u00e9trage documentaire sur un m\u00e9decin urgentiste et deux guides du Secours Alpin est distribu\u00e9 en salle au cin\u00e9ma.<br \/>\nEn 2016,&#8221;Il Gabbiano&#8221; remporte le Prix Sony de la Meilleure Photographie au 19\u00b0 Cervino Cinemountain Festival.<br \/>\nEn 2019, &#8220;Anima&#8221; remporte le prix Italymbas au 6\u00b0 Babel Film Festival de Cagliari en Sardaigne.<br \/>\nEn 2022, RAI 3 ach\u00e8te les droits de diffusion pour l&#8217;Italie de &#8220;L&#8217;Amore e la cura&#8221; (documentaire pr\u00e9sent\u00e9 en avant-premi\u00e8re au Festival de l&#8217;environnement de Turin \u2013 Cinemambiente). En 2023, le documentaire &#8220;Arte rupestre in Valle d&#8217;Aosta&#8221; est s\u00e9lectionn\u00e9 au Festival Archeofilm de Florence.<\/p>\n","protected":false},"excerpt":{"rendered":"<p>Joseph P\u00e9aquin \u00e8 nato nel 1971 ed \u00e8 laureato in Scienze della Comunicazione con indirizzo in regia audiovisiva all\u2019Universit\u00e0 di Grenoble. Dopo alcune esperienze lavorative a Parigi e Torino si stabilisce in Valle d\u2019Aosta e si dedica alla regia di film documentari. Dal 1996 ad oggi, ha realizzato diversi documentari selezionati in vari festival internazionali [&hellip;]<\/p>\n","protected":false},"author":1,"featured_media":0,"parent":0,"menu_order":2,"comment_status":"closed","ping_status":"closed","template":"","meta":[],"_links":{"self":[{"href":"https:\/\/www.josephpeaquin.com\/index.php?rest_route=\/wp\/v2\/pages\/4"}],"collection":[{"href":"https:\/\/www.josephpeaquin.com\/index.php?rest_route=\/wp\/v2\/pages"}],"about":[{"href":"https:\/\/www.josephpeaquin.com\/index.php?rest_route=\/wp\/v2\/types\/page"}],"author":[{"embeddable":true,"href":"https:\/\/www.josephpeaquin.com\/index.php?rest_route=\/wp\/v2\/users\/1"}],"replies":[{"embeddable":true,"href":"https:\/\/www.josephpeaquin.com\/index.php?rest_route=%2Fwp%2Fv2%2Fcomments&post=4"}],"version-history":[{"count":26,"href":"https:\/\/www.josephpeaquin.com\/index.php?rest_route=\/wp\/v2\/pages\/4\/revisions"}],"predecessor-version":[{"id":1534,"href":"https:\/\/www.josephpeaquin.com\/index.php?rest_route=\/wp\/v2\/pages\/4\/revisions\/1534"}],"wp:attachment":[{"href":"https:\/\/www.josephpeaquin.com\/index.php?rest_route=%2Fwp%2Fv2%2Fmedia&parent=4"}],"curies":[{"name":"wp","href":"https:\/\/api.w.org\/{rel}","templated":true}]}}