{"id":3,"date":"2006-07-27T07:51:02","date_gmt":"2006-07-27T14:51:02","guid":{"rendered":"http:\/\/www.josephpeaquin.com\/docfilm\/?page_id=3"},"modified":"2023-02-01T04:36:39","modified_gmt":"2023-02-01T11:36:39","slug":"docfilm","status":"publish","type":"page","link":"http:\/\/www.josephpeaquin.com\/?page_id=3","title":{"rendered":"Docfilm"},"content":{"rendered":"<p><img id=\"image8\" alt=\"ita_flag.gif\" src=\"http:\/\/www.josephpeaquin.com\/wp-content\/ita_flag.gif\"><br \/>\nDOCFILM \u00e8 una impresa di produzione audiovisiva con sede a Saint-Pierre (Aosta) creata nel 2003 da Joseph P\u00e9aquin.<br \/>\nDocfilm realizza principalmente documentari centrati sull&#8217;Uomo per il cinema e la televisione, reportage per tv e web (&#8220;Riti e Feste in Valle d&#8217;Aosta&#8221;, &#8220;Alpfoodway&#8221;&#8230;) e video promozionali (progetto &#8220;S.O.N.O.&#8221; 8 clip emozionali, clip SVAPA&#8230;).<\/p>\n<p>Tra le principali realizzazioni segnaliamo <em>Viva la musica popolare!<\/em> con la partecipazione straordinaria di Moni Ovadia (2005), <em>Une montagne de dangers<\/em> (2005 &#8211; FRANCE 3 e RAI3), <em>Il \u00e9tait une fois\u2026les d\u00e9lices du petit monde <\/em>(2006 &#8211; Selezione 59\u00b0 Festival Internazionale del Film di Locarno &#8211; Cineasti del Presente), <em>In un altro mondo <\/em> (2009 &#8211; Selezione 62\u00b0 Festival Internazionale del Film di Locarno &#8211; Ici et Ailleurs, 22\u00b0 Festival Internazionale del Film di Tokyo, Primo Premio al 24\u00b0 Sondrio Festival e Menzione Speciale al 12\u00b0 Festival Cinemambiente di Torino) e <em>Tra trerra e cielo<\/em> (2010 &#8211; Selezione 51\u00b0 Festival dei Popoli &#8211; Firenze), <em>La Suisse d&#8217;Emilio <\/em>(2013 &#8211; Diffusione in prime-time sulla Televisione Svizzera con 26,1 % di share), <em>Sul Filo<\/em> (2014 &#8211; Distribuzione in sala al cinema).<\/p>\n<p><img id=\"image9\" alt=\"fra_flag.gif\" src=\"http:\/\/www.josephpeaquin.com\/wp-content\/fra_flag.gif\"><br \/>\nDOCFILM est une soci\u00e9t\u00e9 de production fond\u00e9e en 2003 par Joseph P\u00e9aquin, sp\u00e9cialis\u00e9e dans la r\u00e9alisation de films documentaires. Parmi les productions, signalons <em>Il \u00e9tait une fois\u2026les d\u00e9lices du petit monde<\/em> (2006 &#8211; S\u00e9lection 59\u00b0 Festival International du Film de Locarno &#8211; Section Cin\u00e9astes du Pr\u00e9sent), <em>Une montagne de dangers <\/em>(2005 &#8211; FRANCE 3 et RAI 3), <em>In un altro mondo \/ In another world<\/em> (2009 &#8211; S\u00e9lection 62\u00b0 Festival International du Film de Locarno &#8211; Section Ici et Ailleurs ; 22\u00b0 Festival International du Film de Tokyo ; Grand Prix au 24\u00b0 Festival de Sondrio ; Mention Sp\u00e9ciale au 12\u00b0 Cinemambiente Festival du Film d&#8217;Environnement de Turin), <em>Tra terra e cielo<\/em> (2010 &#8211; S\u00e9lection 51\u00b0 Festival dei Popoli &#8211; Florence),<em> La Suisse d&#8217;Emilio<\/em> (2013 &#8211; Diffusion en prime-time sur la T\u00e9l\u00e9vision Suisse Romande) et <em>Sul Filo<\/em> (2014 &#8211; sortie en salle).<\/p>\n","protected":false},"excerpt":{"rendered":"<p>DOCFILM \u00e8 una impresa di produzione audiovisiva con sede a Saint-Pierre (Aosta) creata nel 2003 da Joseph P\u00e9aquin. Docfilm realizza principalmente documentari centrati sull&#8217;Uomo per il cinema e la televisione, reportage per tv e web (&#8220;Riti e Feste in Valle d&#8217;Aosta&#8221;, &#8220;Alpfoodway&#8221;&#8230;) e video promozionali (progetto &#8220;S.O.N.O.&#8221; 8 clip emozionali, clip SVAPA&#8230;). Tra le principali [&hellip;]<\/p>\n","protected":false},"author":1,"featured_media":0,"parent":0,"menu_order":1,"comment_status":"closed","ping_status":"closed","template":"","meta":[],"_links":{"self":[{"href":"http:\/\/www.josephpeaquin.com\/index.php?rest_route=\/wp\/v2\/pages\/3"}],"collection":[{"href":"http:\/\/www.josephpeaquin.com\/index.php?rest_route=\/wp\/v2\/pages"}],"about":[{"href":"http:\/\/www.josephpeaquin.com\/index.php?rest_route=\/wp\/v2\/types\/page"}],"author":[{"embeddable":true,"href":"http:\/\/www.josephpeaquin.com\/index.php?rest_route=\/wp\/v2\/users\/1"}],"replies":[{"embeddable":true,"href":"http:\/\/www.josephpeaquin.com\/index.php?rest_route=%2Fwp%2Fv2%2Fcomments&post=3"}],"version-history":[{"count":33,"href":"http:\/\/www.josephpeaquin.com\/index.php?rest_route=\/wp\/v2\/pages\/3\/revisions"}],"predecessor-version":[{"id":1503,"href":"http:\/\/www.josephpeaquin.com\/index.php?rest_route=\/wp\/v2\/pages\/3\/revisions\/1503"}],"wp:attachment":[{"href":"http:\/\/www.josephpeaquin.com\/index.php?rest_route=%2Fwp%2Fv2%2Fmedia&parent=3"}],"curies":[{"name":"wp","href":"https:\/\/api.w.org\/{rel}","templated":true}]}}